{"id":13701,"date":"2022-01-17T20:55:59","date_gmt":"2022-01-17T20:55:59","guid":{"rendered":"https:\/\/staging.q-jobs.at\/cms\/?page_id=13701"},"modified":"2022-09-21T08:36:26","modified_gmt":"2022-09-21T08:36:26","slug":"bewerberinnnen","status":"publish","type":"page","link":"https:\/\/staging.q-jobs.at\/cms\/bewerberinnnen\/","title":{"rendered":"bewerberinnnen"},"content":{"rendered":"<div class=\"wpb-content-wrapper\"><p>[vc_row][vc_column column_width_percent=&#8220;100&#8243; gutter_size=&#8220;3&#8243; overlay_alpha=&#8220;50&#8243; shift_x=&#8220;0&#8243; shift_y=&#8220;0&#8243; shift_y_down=&#8220;0&#8243; z_index=&#8220;0&#8243; medium_width=&#8220;0&#8243; mobile_width=&#8220;0&#8243; width=&#8220;1\/1&#8243; uncode_shortcode_id=&#8220;136242&#8243;][vc_custom_heading heading_semantic=&#8220;h1&#8243; text_size=&#8220;h1&#8243; uncode_shortcode_id=&#8220;185028&#8243;]<strong>Wir vermitteln deinen Traumjob.<\/strong>[\/vc_custom_heading][vc_row_inner limit_content=&#8220;&#8220;][vc_column_inner column_width_percent=&#8220;100&#8243; position_vertical=&#8220;middle&#8220; gutter_size=&#8220;3&#8243; overlay_alpha=&#8220;50&#8243; shift_x=&#8220;0&#8243; shift_y=&#8220;0&#8243; shift_y_down=&#8220;0&#8243; z_index=&#8220;0&#8243; medium_width=&#8220;0&#8243; mobile_width=&#8220;0&#8243; width=&#8220;1\/3&#8243; uncode_shortcode_id=&#8220;732625&#8243;][vc_single_image media=&#8220;13742&#8243; media_width_percent=&#8220;100&#8243; uncode_shortcode_id=&#8220;127844&#8243;][vc_button button_color=&#8220;accent&#8220; size=&#8220;btn-sm&#8220; radius=&#8220;btn-circle&#8220; border_animation=&#8220;btn-ripple-out&#8220; border_width=&#8220;0&#8243; link=&#8220;url:https%3A%2F%2Fwww.q-jobs.at%2Fjob-suche%2F|title:Job%20Suche&#8220; uncode_shortcode_id=&#8220;151812&#8243; button_color_type=&#8220;uncode-palette&#8220;]Jetzt Job finden![\/vc_button][\/vc_column_inner][vc_column_inner column_width_percent=&#8220;100&#8243; position_vertical=&#8220;middle&#8220; gutter_size=&#8220;3&#8243; overlay_alpha=&#8220;50&#8243; shift_x=&#8220;0&#8243; shift_y=&#8220;0&#8243; shift_y_down=&#8220;0&#8243; z_index=&#8220;0&#8243; medium_width=&#8220;0&#8243; mobile_width=&#8220;0&#8243; width=&#8220;2\/3&#8243; uncode_shortcode_id=&#8220;536792&#8243;][vc_custom_heading heading_semantic=&#8220;h4&#8243; text_size=&#8220;h3&#8243; sub_lead=&#8220;yes&#8220; uncode_shortcode_id=&#8220;193883&#8243; subheading=&#8220;Stellenausschreibungen suchen, Bewerbungen senden, R\u00fcckmeldungen abwarten \u2013 und all die Zeit und M\u00fche daf\u00fcr, dass es am Ende vielleicht doch nicht das Richtige ist?&#8220;]Als Bewerber:in auf dem Arbeitsmarkt hat man es nicht leicht:[\/vc_custom_heading][vc_column_text uncode_shortcode_id=&#8220;177069&#8243;]Wir von Q-JOBS sind fest davon \u00fcberzeugt, dass es auch anders geht \u2013 n\u00e4mlich als Kandidat:in in unserem Vermittlungspool. Wir wissen, wie die Unternehmen in unserem Netzwerk ticken, was genau sie brauchen und ob deine Qualifikationen dazu passen. Gleichzeitig wollen wir auch dich und deine Bed\u00fcrfnisse kennenlernen. Was erwartest du dir von deinem n\u00e4chsten Job und was ist dir besonders wichtig? All das ergibt am Ende im besten Fall deinen Traumjob \u2013 <strong>die Stelle f\u00fcr dich, die genau zu dir passt<\/strong>. Und das wollen wir gemeinsam erreichen![\/vc_column_text][\/vc_column_inner][\/vc_row_inner][\/vc_column][\/vc_row][vc_row][vc_column column_width_percent=&#8220;100&#8243; align_horizontal=&#8220;align_center&#8220; gutter_size=&#8220;3&#8243; overlay_alpha=&#8220;50&#8243; shift_x=&#8220;0&#8243; shift_y=&#8220;0&#8243; shift_y_down=&#8220;0&#8243; z_index=&#8220;0&#8243; medium_width=&#8220;0&#8243; mobile_width=&#8220;0&#8243; width=&#8220;1\/1&#8243; uncode_shortcode_id=&#8220;191368&#8243;][vc_custom_heading uncode_shortcode_id=&#8220;545549&#8243;]Warum Q-JOBS?[\/vc_custom_heading][vc_row_inner limit_content=&#8220;&#8220;][vc_column_inner column_width_percent=&#8220;100&#8243; position_vertical=&#8220;middle&#8220; gutter_size=&#8220;3&#8243; overlay_alpha=&#8220;50&#8243; shift_x=&#8220;0&#8243; shift_y=&#8220;0&#8243; shift_y_down=&#8220;0&#8243; z_index=&#8220;0&#8243; medium_width=&#8220;0&#8243; mobile_width=&#8220;0&#8243; width=&#8220;1\/2&#8243; uncode_shortcode_id=&#8220;160507&#8243;][vc_column_text uncode_shortcode_id=&#8220;859273&#8243;]<strong>Unser Service ist f\u00fcr Bewerber kostenlos.<\/strong><\/p>\n<p>Wir nehmen dich v\u00f6llig kostenlos in unseren Bewerberpool auf. Auch die Suche in unseren Jobangeboten ist f\u00fcr dich selbstverst\u00e4ndlich gratis m\u00f6glich.[\/vc_column_text][\/vc_column_inner][vc_column_inner width=&#8220;1\/2&#8243;][vc_single_image media=&#8220;13752&#8243; media_width_percent=&#8220;100&#8243; uncode_shortcode_id=&#8220;138998&#8243;][\/vc_column_inner][\/vc_row_inner][vc_row_inner limit_content=&#8220;&#8220;][vc_column_inner width=&#8220;1\/2&#8243;][vc_single_image media=&#8220;13728&#8243; media_width_percent=&#8220;100&#8243; uncode_shortcode_id=&#8220;189571&#8243;][\/vc_column_inner][vc_column_inner column_width_percent=&#8220;100&#8243; position_vertical=&#8220;middle&#8220; gutter_size=&#8220;3&#8243; overlay_alpha=&#8220;50&#8243; shift_x=&#8220;0&#8243; shift_y=&#8220;0&#8243; shift_y_down=&#8220;0&#8243; z_index=&#8220;0&#8243; medium_width=&#8220;0&#8243; mobile_width=&#8220;0&#8243; width=&#8220;1\/2&#8243; uncode_shortcode_id=&#8220;524538&#8243;][vc_column_text uncode_shortcode_id=&#8220;159186&#8243;]<strong>Ausgesuchte Jobs im Raum Liezen und Obersteiermark.<\/strong><\/p>\n<p>Unsere Partnerunternehmen sind ortsans\u00e4ssige Betriebe und Firmen im Bezirk Liezen \u2013 so halten wir Wertsch\u00f6pfung und Arbeitskraft in der Region.[\/vc_column_text][\/vc_column_inner][\/vc_row_inner][vc_row_inner limit_content=&#8220;&#8220;][vc_column_inner column_width_percent=&#8220;100&#8243; position_vertical=&#8220;middle&#8220; gutter_size=&#8220;3&#8243; overlay_alpha=&#8220;50&#8243; shift_x=&#8220;0&#8243; shift_y=&#8220;0&#8243; shift_y_down=&#8220;0&#8243; z_index=&#8220;0&#8243; medium_width=&#8220;0&#8243; mobile_width=&#8220;0&#8243; width=&#8220;1\/2&#8243; uncode_shortcode_id=&#8220;798424&#8243;][vc_column_text uncode_shortcode_id=&#8220;339463&#8243;]<strong>Eine Bewerbung gen\u00fcgt \u2013 den Rest vermitteln wir.<\/strong><\/p>\n<p>Mit einem aussagekr\u00e4ftigen Bewerberprofil finden wir garantiert den passenden Job f\u00fcr dich. Und du ersparst dir das aufwendige Schreiben von zig verschiedenen Bewerbungen.[\/vc_column_text][\/vc_column_inner][vc_column_inner width=&#8220;1\/2&#8243;][vc_single_image media=&#8220;13730&#8243; media_width_percent=&#8220;100&#8243; uncode_shortcode_id=&#8220;357033&#8243;][\/vc_column_inner][\/vc_row_inner][vc_row_inner limit_content=&#8220;&#8220;][vc_column_inner width=&#8220;1\/2&#8243;][vc_single_image media=&#8220;13734&#8243; media_width_percent=&#8220;100&#8243; uncode_shortcode_id=&#8220;382418&#8243;][\/vc_column_inner][vc_column_inner column_width_percent=&#8220;100&#8243; position_vertical=&#8220;middle&#8220; gutter_size=&#8220;3&#8243; overlay_alpha=&#8220;50&#8243; shift_x=&#8220;0&#8243; shift_y=&#8220;0&#8243; shift_y_down=&#8220;0&#8243; z_index=&#8220;0&#8243; medium_width=&#8220;0&#8243; mobile_width=&#8220;0&#8243; width=&#8220;1\/2&#8243; uncode_shortcode_id=&#8220;435798&#8243;][vc_column_text uncode_shortcode_id=&#8220;121665&#8243;]<strong>Pers\u00f6nliche Beratung auch nach dem Bewerbungsprozess.<\/strong><\/p>\n<p>Wir wollen, dass du dich vom ersten Kontakt mit uns bis zum ersten Arbeitstag rundum gut betreut f\u00fchlst. Sollte es nach deiner Bewerbung also noch Fragen oder Probleme geben, sind wir gerne f\u00fcr dich da.[\/vc_column_text][\/vc_column_inner][\/vc_row_inner][vc_row_inner limit_content=&#8220;&#8220;][vc_column_inner width=&#8220;1\/1&#8243;][vc_column_text uncode_shortcode_id=&#8220;292553&#8243;]<strong>Ein agiles Team mit insgesamt mehr als 30 Jahren Erfahrung.<\/strong><\/p>\n<p>Als kleines Team mit Herz und Kompetenz k\u00fcmmern wir uns stets pers\u00f6nlich um dich und deine Anliegen \u2013 denn wir wollen, dass du dich in jeder Phase deiner Bewerbung gut aufgehoben f\u00fchlst.[\/vc_column_text][\/vc_column_inner][\/vc_row_inner][\/vc_column][\/vc_row][vc_row][vc_column width=&#8220;1\/1&#8243;][vc_row_inner limit_content=&#8220;&#8220;][vc_column_inner column_width_percent=&#8220;100&#8243; position_vertical=&#8220;middle&#8220; gutter_size=&#8220;3&#8243; overlay_alpha=&#8220;50&#8243; shift_x=&#8220;0&#8243; shift_y=&#8220;0&#8243; shift_y_down=&#8220;0&#8243; z_index=&#8220;0&#8243; medium_width=&#8220;0&#8243; mobile_width=&#8220;0&#8243; width=&#8220;1\/2&#8243; uncode_shortcode_id=&#8220;797262&#8243;][vc_custom_heading uncode_shortcode_id=&#8220;101689&#8243;]Auf der Suche nach etwas Speziellem?[\/vc_custom_heading][vc_column_text uncode_shortcode_id=&#8220;154738&#8243;]Bist du in unseren Jobangeboten nicht f\u00fcndig geworden oder willst du dich erstmal ganz unverbindlich auf Jobsuche begeben? Dann schick uns deine Initiativbewerbung via Kontaktformular und wir nehmen dich in unseren Bewerberpool auf. Dein Vorteil: Mit nur einer Bewerbung erreichst du viele verschiedene Unternehmen \u2013 und findest vielleicht genau die Position, die wie f\u00fcr dich gemacht ist.[\/vc_column_text][\/vc_column_inner][vc_column_inner width=&#8220;1\/2&#8243;][vc_single_image media=&#8220;13740&#8243; media_width_percent=&#8220;100&#8243; uncode_shortcode_id=&#8220;383074&#8243;][\/vc_column_inner][\/vc_row_inner][\/vc_column][\/vc_row][vc_row][vc_column width=&#8220;1\/1&#8243;][vc_row_inner limit_content=&#8220;&#8220;][vc_column_inner width=&#8220;1\/2&#8243;][vc_single_image media=&#8220;13755&#8243; media_width_percent=&#8220;100&#8243; uncode_shortcode_id=&#8220;159134&#8243;][\/vc_column_inner][vc_column_inner column_width_percent=&#8220;100&#8243; position_vertical=&#8220;middle&#8220; gutter_size=&#8220;3&#8243; overlay_alpha=&#8220;50&#8243; shift_x=&#8220;0&#8243; shift_y=&#8220;0&#8243; shift_y_down=&#8220;0&#8243; z_index=&#8220;0&#8243; medium_width=&#8220;0&#8243; mobile_width=&#8220;0&#8243; width=&#8220;1\/2&#8243; uncode_shortcode_id=&#8220;160061&#8243;][vc_custom_heading uncode_shortcode_id=&#8220;949715&#8243;]Mitarbeiter:innen empfehlen und Pr\u00e4mie holen![\/vc_custom_heading][vc_column_text uncode_shortcode_id=&#8220;935232&#8243;]Du kennst jemanden, der schon lange auf der Suche nach seinem Traumjob ist? Du hast auf unserem Jobportal eine Stelle gefunden, die zwar nicht zu dir, aber zu jemand anderem perfekt passt? Dann empfiehl ihn an uns weiter \u2013 und wir bedanken uns f\u00fcr dein Engagement mit einer Pr\u00e4mie![\/vc_column_text][\/vc_column_inner][\/vc_row_inner][\/vc_column][\/vc_row]<\/p>\n<\/div>","protected":false},"excerpt":{"rendered":"<p>[vc_row][vc_column column_width_percent=&#8220;100&#8243; gutter_size=&#8220;3&#8243; overlay_alpha=&#8220;50&#8243; shift_x=&#8220;0&#8243; shift_y=&#8220;0&#8243; shift_y_down=&#8220;0&#8243; z_index=&#8220;0&#8243; medium_width=&#8220;0&#8243; mobile_width=&#8220;0&#8243; width=&#8220;1\/1&#8243; uncode_shortcode_id=&#8220;136242&#8243;][vc_custom_heading heading_semantic=&#8220;h1&#8243; text_size=&#8220;h1&#8243; uncode_shortcode_id=&#8220;185028&#8243;]Wir vermitteln deinen Traumjob.[\/vc_custom_heading][vc_row_inner limit_content=&#8220;&#8220;][vc_column_inner column_width_percent=&#8220;100&#8243; [&hellip;]<\/p>\n","protected":false},"author":1,"featured_media":0,"parent":0,"menu_order":11,"comment_status":"closed","ping_status":"closed","template":"","meta":{"inline_featured_image":false,"footnotes":""},"class_list":["post-13701","page","type-page","status-publish","hentry"],"yoast_head":"<!-- This site is optimized with the Yoast SEO plugin v27.4 - https:\/\/yoast.com\/product\/yoast-seo-wordpress\/ -->\n<title>bewerberinnnen - Q-JOBS - Personalmanagement GmbH<\/title>\n<meta name=\"robots\" content=\"index, follow, max-snippet:-1, max-image-preview:large, max-video-preview:-1\" \/>\n<link rel=\"canonical\" href=\"https:\/\/staging.q-jobs.at\/cms\/bewerberinnnen\/\" \/>\n<meta property=\"og:locale\" content=\"de_DE\" \/>\n<meta property=\"og:type\" content=\"article\" \/>\n<meta property=\"og:title\" content=\"bewerberinnnen - Q-JOBS - Personalmanagement GmbH\" \/>\n<meta property=\"og:description\" content=\"[vc_row][vc_column column_width_percent=&#8220;100&#8243; gutter_size=&#8220;3&#8243; overlay_alpha=&#8220;50&#8243; shift_x=&#8220;0&#8243; shift_y=&#8220;0&#8243; shift_y_down=&#8220;0&#8243; z_index=&#8220;0&#8243; medium_width=&#8220;0&#8243; mobile_width=&#8220;0&#8243; width=&#8220;1\/1&#8243; uncode_shortcode_id=&#8220;136242&#8243;][vc_custom_heading heading_semantic=&#8220;h1&#8243; text_size=&#8220;h1&#8243; uncode_shortcode_id=&#8220;185028&#8243;]Wir vermitteln deinen Traumjob.[\/vc_custom_heading][vc_row_inner limit_content=&#8220;&#8220;][vc_column_inner column_width_percent=&#8220;100&#8243; [&hellip;]\" \/>\n<meta property=\"og:url\" content=\"https:\/\/staging.q-jobs.at\/cms\/bewerberinnnen\/\" \/>\n<meta property=\"og:site_name\" content=\"Q-JOBS - Personalmanagement GmbH\" \/>\n<meta property=\"article:publisher\" content=\"https:\/\/www.facebook.com\/Q-Jobs-Personalmanagement-GmbH-100863122192982\" \/>\n<meta property=\"article:modified_time\" content=\"2022-09-21T08:36:26+00:00\" \/>\n<meta name=\"twitter:card\" content=\"summary_large_image\" \/>\n<meta name=\"twitter:label1\" content=\"Gesch\u00e4tzte Lesezeit\" \/>\n\t<meta name=\"twitter:data1\" content=\"4\u00a0Minuten\" \/>\n<script type=\"application\/ld+json\" class=\"yoast-schema-graph\">{\"@context\":\"https:\\\/\\\/schema.org\",\"@graph\":[{\"@type\":\"WebPage\",\"@id\":\"https:\\\/\\\/staging.q-jobs.at\\\/cms\\\/bewerberinnnen\\\/\",\"url\":\"https:\\\/\\\/staging.q-jobs.at\\\/cms\\\/bewerberinnnen\\\/\",\"name\":\"bewerberinnnen - Q-JOBS - Personalmanagement GmbH\",\"isPartOf\":{\"@id\":\"https:\\\/\\\/staging.q-jobs.at\\\/cms\\\/#website\"},\"datePublished\":\"2022-01-17T20:55:59+00:00\",\"dateModified\":\"2022-09-21T08:36:26+00:00\",\"breadcrumb\":{\"@id\":\"https:\\\/\\\/staging.q-jobs.at\\\/cms\\\/bewerberinnnen\\\/#breadcrumb\"},\"inLanguage\":\"de\",\"potentialAction\":[{\"@type\":\"ReadAction\",\"target\":[\"https:\\\/\\\/staging.q-jobs.at\\\/cms\\\/bewerberinnnen\\\/\"]}]},{\"@type\":\"BreadcrumbList\",\"@id\":\"https:\\\/\\\/staging.q-jobs.at\\\/cms\\\/bewerberinnnen\\\/#breadcrumb\",\"itemListElement\":[{\"@type\":\"ListItem\",\"position\":1,\"name\":\"Startseite\",\"item\":\"https:\\\/\\\/staging.q-jobs.at\\\/cms\\\/\"},{\"@type\":\"ListItem\",\"position\":2,\"name\":\"bewerberinnnen\"}]},{\"@type\":\"WebSite\",\"@id\":\"https:\\\/\\\/staging.q-jobs.at\\\/cms\\\/#website\",\"url\":\"https:\\\/\\\/staging.q-jobs.at\\\/cms\\\/\",\"name\":\"Q-JOBS - Personalmanagement GmbH\",\"description\":\"Ihr Partner f&uuml;r Karriereschritte und HR-Erfolg\",\"publisher\":{\"@id\":\"https:\\\/\\\/staging.q-jobs.at\\\/cms\\\/#organization\"},\"potentialAction\":[{\"@type\":\"SearchAction\",\"target\":{\"@type\":\"EntryPoint\",\"urlTemplate\":\"https:\\\/\\\/staging.q-jobs.at\\\/cms\\\/?s={search_term_string}\"},\"query-input\":{\"@type\":\"PropertyValueSpecification\",\"valueRequired\":true,\"valueName\":\"search_term_string\"}}],\"inLanguage\":\"de\"},{\"@type\":\"Organization\",\"@id\":\"https:\\\/\\\/staging.q-jobs.at\\\/cms\\\/#organization\",\"name\":\"Q-Jobs Personalmanagement GmbH\",\"url\":\"https:\\\/\\\/staging.q-jobs.at\\\/cms\\\/\",\"logo\":{\"@type\":\"ImageObject\",\"inLanguage\":\"de\",\"@id\":\"https:\\\/\\\/staging.q-jobs.at\\\/cms\\\/#\\\/schema\\\/logo\\\/image\\\/\",\"url\":\"https:\\\/\\\/staging.q-jobs.at\\\/cms\\\/wp-content\\\/uploads\\\/2021\\\/07\\\/q-jobs-quer.svg\",\"contentUrl\":\"https:\\\/\\\/staging.q-jobs.at\\\/cms\\\/wp-content\\\/uploads\\\/2021\\\/07\\\/q-jobs-quer.svg\",\"width\":283,\"height\":148,\"caption\":\"Q-Jobs Personalmanagement GmbH\"},\"image\":{\"@id\":\"https:\\\/\\\/staging.q-jobs.at\\\/cms\\\/#\\\/schema\\\/logo\\\/image\\\/\"},\"sameAs\":[\"https:\\\/\\\/www.facebook.com\\\/Q-Jobs-Personalmanagement-GmbH-100863122192982\",\"https:\\\/\\\/www.instagram.com\\\/q.jobs.personalmanagement\\\/\",\"https:\\\/\\\/at.linkedin.com\\\/company\\\/q-jobs-personalmanagement-gmbh\"]}]}<\/script>\n<!-- \/ Yoast SEO plugin. -->","yoast_head_json":{"title":"bewerberinnnen - Q-JOBS - Personalmanagement GmbH","robots":{"index":"index","follow":"follow","max-snippet":"max-snippet:-1","max-image-preview":"max-image-preview:large","max-video-preview":"max-video-preview:-1"},"canonical":"https:\/\/staging.q-jobs.at\/cms\/bewerberinnnen\/","og_locale":"de_DE","og_type":"article","og_title":"bewerberinnnen - Q-JOBS - Personalmanagement GmbH","og_description":"[vc_row][vc_column column_width_percent=&#8220;100&#8243; gutter_size=&#8220;3&#8243; overlay_alpha=&#8220;50&#8243; shift_x=&#8220;0&#8243; shift_y=&#8220;0&#8243; shift_y_down=&#8220;0&#8243; z_index=&#8220;0&#8243; medium_width=&#8220;0&#8243; mobile_width=&#8220;0&#8243; width=&#8220;1\/1&#8243; uncode_shortcode_id=&#8220;136242&#8243;][vc_custom_heading heading_semantic=&#8220;h1&#8243; text_size=&#8220;h1&#8243; uncode_shortcode_id=&#8220;185028&#8243;]Wir vermitteln deinen Traumjob.[\/vc_custom_heading][vc_row_inner limit_content=&#8220;&#8220;][vc_column_inner column_width_percent=&#8220;100&#8243; [&hellip;]","og_url":"https:\/\/staging.q-jobs.at\/cms\/bewerberinnnen\/","og_site_name":"Q-JOBS - Personalmanagement GmbH","article_publisher":"https:\/\/www.facebook.com\/Q-Jobs-Personalmanagement-GmbH-100863122192982","article_modified_time":"2022-09-21T08:36:26+00:00","twitter_card":"summary_large_image","twitter_misc":{"Gesch\u00e4tzte Lesezeit":"4\u00a0Minuten"},"schema":{"@context":"https:\/\/schema.org","@graph":[{"@type":"WebPage","@id":"https:\/\/staging.q-jobs.at\/cms\/bewerberinnnen\/","url":"https:\/\/staging.q-jobs.at\/cms\/bewerberinnnen\/","name":"bewerberinnnen - Q-JOBS - Personalmanagement GmbH","isPartOf":{"@id":"https:\/\/staging.q-jobs.at\/cms\/#website"},"datePublished":"2022-01-17T20:55:59+00:00","dateModified":"2022-09-21T08:36:26+00:00","breadcrumb":{"@id":"https:\/\/staging.q-jobs.at\/cms\/bewerberinnnen\/#breadcrumb"},"inLanguage":"de","potentialAction":[{"@type":"ReadAction","target":["https:\/\/staging.q-jobs.at\/cms\/bewerberinnnen\/"]}]},{"@type":"BreadcrumbList","@id":"https:\/\/staging.q-jobs.at\/cms\/bewerberinnnen\/#breadcrumb","itemListElement":[{"@type":"ListItem","position":1,"name":"Startseite","item":"https:\/\/staging.q-jobs.at\/cms\/"},{"@type":"ListItem","position":2,"name":"bewerberinnnen"}]},{"@type":"WebSite","@id":"https:\/\/staging.q-jobs.at\/cms\/#website","url":"https:\/\/staging.q-jobs.at\/cms\/","name":"Q-JOBS - Personalmanagement GmbH","description":"Ihr Partner f&uuml;r Karriereschritte und HR-Erfolg","publisher":{"@id":"https:\/\/staging.q-jobs.at\/cms\/#organization"},"potentialAction":[{"@type":"SearchAction","target":{"@type":"EntryPoint","urlTemplate":"https:\/\/staging.q-jobs.at\/cms\/?s={search_term_string}"},"query-input":{"@type":"PropertyValueSpecification","valueRequired":true,"valueName":"search_term_string"}}],"inLanguage":"de"},{"@type":"Organization","@id":"https:\/\/staging.q-jobs.at\/cms\/#organization","name":"Q-Jobs Personalmanagement GmbH","url":"https:\/\/staging.q-jobs.at\/cms\/","logo":{"@type":"ImageObject","inLanguage":"de","@id":"https:\/\/staging.q-jobs.at\/cms\/#\/schema\/logo\/image\/","url":"https:\/\/staging.q-jobs.at\/cms\/wp-content\/uploads\/2021\/07\/q-jobs-quer.svg","contentUrl":"https:\/\/staging.q-jobs.at\/cms\/wp-content\/uploads\/2021\/07\/q-jobs-quer.svg","width":283,"height":148,"caption":"Q-Jobs Personalmanagement GmbH"},"image":{"@id":"https:\/\/staging.q-jobs.at\/cms\/#\/schema\/logo\/image\/"},"sameAs":["https:\/\/www.facebook.com\/Q-Jobs-Personalmanagement-GmbH-100863122192982","https:\/\/www.instagram.com\/q.jobs.personalmanagement\/","https:\/\/at.linkedin.com\/company\/q-jobs-personalmanagement-gmbh"]}]}},"_links":{"self":[{"href":"https:\/\/staging.q-jobs.at\/cms\/wp-json\/wp\/v2\/pages\/13701","targetHints":{"allow":["GET"]}}],"collection":[{"href":"https:\/\/staging.q-jobs.at\/cms\/wp-json\/wp\/v2\/pages"}],"about":[{"href":"https:\/\/staging.q-jobs.at\/cms\/wp-json\/wp\/v2\/types\/page"}],"author":[{"embeddable":true,"href":"https:\/\/staging.q-jobs.at\/cms\/wp-json\/wp\/v2\/users\/1"}],"replies":[{"embeddable":true,"href":"https:\/\/staging.q-jobs.at\/cms\/wp-json\/wp\/v2\/comments?post=13701"}],"version-history":[{"count":41,"href":"https:\/\/staging.q-jobs.at\/cms\/wp-json\/wp\/v2\/pages\/13701\/revisions"}],"predecessor-version":[{"id":14506,"href":"https:\/\/staging.q-jobs.at\/cms\/wp-json\/wp\/v2\/pages\/13701\/revisions\/14506"}],"wp:attachment":[{"href":"https:\/\/staging.q-jobs.at\/cms\/wp-json\/wp\/v2\/media?parent=13701"}],"curies":[{"name":"wp","href":"https:\/\/api.w.org\/{rel}","templated":true}]}}