{"id":13816,"date":"2022-01-27T13:31:49","date_gmt":"2022-01-27T13:31:49","guid":{"rendered":"https:\/\/staging.q-jobs.at\/cms\/?page_id=13816"},"modified":"2022-02-09T18:02:11","modified_gmt":"2022-02-09T18:02:11","slug":"impressum","status":"publish","type":"page","link":"https:\/\/staging.q-jobs.at\/cms\/impressum\/","title":{"rendered":"Impressum"},"content":{"rendered":"<div class=\"wpb-content-wrapper\"><p>[vc_row][vc_column width=&#8220;1\/1&#8243;][vc_custom_heading heading_semantic=&#8220;h1&#8243; text_size=&#8220;h1&#8243; uncode_shortcode_id=&#8220;140953&#8243;]Impressum[\/vc_custom_heading][vc_column_text uncode_shortcode_id=&#8220;184220&#8243;]<\/p>\n<div class=\"o-section o-section--paddingVertical-medium\">\n<div class=\"o-row\">\n<div class=\"o-col m-pageTitleWrapper m-pageTitleWrapper--indented\"><\/div>\n<\/div>\n<\/div>\n<div class=\"m-contentBuilder\">\n<div class=\"o-section o-section--paddingVertical-none m-contentSection\">\n<div class=\"o-row o-row--headline m-contentBuilder__row m-contentBuilder__row--headline\">\n<div class=\"o-col m-headlineWrapper\">\n<h4 class=\"m-headline\">Medieninhaber<\/h4>\n<\/div>\n<\/div>\n<div class=\"o-row o-row--richText m-contentBuilder__row m-contentBuilder__row--richText\">\n<div class=\"o-col m-richTextWrapper\">\n<div class=\"m-richText \">\n<p>Q-Jobs Personalmanagement GmbH<br \/>\n2 Stock, Werkstra\u00dfe 30, 8940 Liezen<br \/>\nTelefon: <a href=\"tel:+43361224390\">+43 3612 24 390<\/a><br \/>\n<a href=\"&#109;&#x61;&#x69;l&#116;&#x6f;&#x3a;h&#101;&#x6c;l&#111;&#x40;&#x71;-&#106;&#x6f;b&#115;&#x2e;&#x61;t\">&#x68;&#101;&#108;&#x6c;&#x6f;&#64;&#113;&#x2d;&#x6a;&#111;&#98;&#x73;&#x2e;&#97;&#116;<\/a><\/p>\n<\/div>\n<\/div>\n<\/div>\n<div class=\"o-row o-row--richText m-contentBuilder__row m-contentBuilder__row--richText\">\n<div class=\"o-col m-richTextWrapper\">\n<div class=\"m-richText \">\n<p>FB-Nr: FN 555 367t \u00b7 FB-Gericht: Leoben \u00b7 Sitz: 8940 Liezen \u00b7 UID: ATU76845906<br \/>\nBeh\u00f6rde gem. ECG: Bezirkshauptmannschaft Liezen<\/p>\n<p><a href=\"https:\/\/firmen.wko.at\/q-jobs-personalmanagement-gmbh\/steiermark\/?firmaid=88102f6c-f914-4b6f-b39a-6668a24a4375\">Informationspflicht lt. ECG und Mediengesetz &#8211; WKO<br \/>\n<\/a><\/p>\n<p><a href=\"https:\/\/fredmansky.at\/p\/datenschutz\">Hinweise zum Datenschutz<\/a><\/p>\n<\/div>\n<\/div>\n<\/div>\n<\/div>\n<div class=\"o-section o-section--paddingVertical-none m-contentSection\">\n<div class=\"o-row o-row--headline m-contentBuilder__row m-contentBuilder__row--headline\">\n<div class=\"o-col m-headlineWrapper\">\n<h4 class=\"m-headline\">Vertretungsberechtigte Gesch\u00e4ftsf\u00fchrer<\/h4>\n<\/div>\n<\/div>\n<div class=\"o-row o-row--richText m-contentBuilder__row m-contentBuilder__row--richText\">\n<div class=\"o-col m-richTextWrapper\">\n<div class=\"m-richText \">\n<p>Marion Eberhardt, Christian Wulz<\/p>\n<\/div>\n<\/div>\n<\/div>\n<\/div>\n<\/div>\n<p>[\/vc_column_text][vc_column_text uncode_shortcode_id=&#8220;596065&#8243;]<\/p>\n<h2 id=\"m56\">Kontaktm\u00f6glichkeiten<\/h2>\n<p>E-Mail-Adresse: &#104;e&#x6c;l&#x6f;&#64;&#x71;&#45;&#x6a;&#111;&#x62;&#115;&#46;&#x61;t<\/p>\n<p>Telefon: <a href=\"tel:+43361224390\">+43 3612 24 390<\/a><\/p>\n<p>Kontaktformular: <a href=\"https:\/\/staging.q-jobs.at\/cms\/kontakt\/\">www.q-jobs.at\/kontakt<\/a><\/p>\n<p>Weitere Kontaktm\u00f6glichkeiten: Whatsapp, Facebook, Instragram, Linkedin<\/p>\n<h2 id=\"m58\">Angaben zum Unternehmen<\/h2>\n<p>Umsatzsteuer Identifikationsnummer (USt-ID): ATU76845906<\/p>\n<p>Gesch\u00e4ftsbereich: Arbeitskr\u00e4fte\u00fcberlassung, Personalberatung<\/p>\n<p>AGB: www.q-jobs.at\/agb<\/p>\n<h2 id=\"m166\">Aufsichtsbeh\u00f6rde<\/h2>\n<p>Aufsichtsbeh\u00f6rde:<\/p>\n<p>Bezirkshauptmannschaft Liezen<br \/>\nHauptplatz 12<br \/>\n8940 Liezen<\/p>\n<p>Website: <a href=\"https:\/\/www.bh-liezen.steiermark.at\/cms\/beitrag\/12538684\/68228720\/\" target=\"_blank\" rel=\"noopener\">https:\/\/www.bh-liezen.steiermark.at\/cms\/beitrag\/12538684\/68228720\/<\/a><\/p>\n<h2 id=\"m162\">Kammer<\/h2>\n<p>Kammer (oder vergleichbare berufsrechtlicher Organisation):<\/p>\n<p>Wirtschaftskammer Steiermark<\/p>\n<p>K\u00f6rblergasse 111\u2013113<br \/>\n8010 Graz<br \/>\n\u00d6sterreich<\/p>\n<p>T +43 316 601-0<br \/>\nF +43 316 601-361<br \/>\nE <a href=\"&#x6d;&#x61;&#x69;&#x6c;&#x74;&#x6f;&#x3a;&#x6f;&#x66;&#x66;&#x69;&#x63;&#x65;&#x40;&#x77;&#x6b;&#x73;&#x74;&#x6d;&#x6b;&#x2e;&#x61;&#x74;\">&#x6f;&#102;&#x66;&#x69;&#99;&#x65;&#x40;&#119;&#x6b;&#x73;&#116;&#x6d;&#x6b;&#46;&#x61;&#x74;<\/a><br \/>\nW <a href=\"https:\/\/wko.at\/stmk\" target=\"_blank\" rel=\"noopener\">https:\/\/wko.at\/stmk<\/a><\/p>\n<p>Website und Kontakt der Kammer: <a href=\"https:\/\/firmen.wko.at\/q-jobs-personalmanagement-gmbh\/steiermark\/?firmaid=88102f6c-f914-4b6f-b39a-6668a24a4375&amp;standortid=99&amp;standortname=liezen%20%28bezirk%29&amp;suchbegriff=q%20jobs\" target=\"_blank\" rel=\"noopener\">https:\/\/firmen.wko.at\/q-jobs-personalmanagement-gmbh\/steiermark\/?firmaid=88102f6c-f914-4b6f-b39a-6668a24a4375&amp;standortid=99&amp;standortname=liezen%20%28bezirk%29&amp;suchbegriff=q%20jobs<\/a>.<\/p>\n<h2 id=\"m172\">Social Media und andere Onlinepr\u00e4senzen<\/h2>\n<p>Dieses Impressum gilt auch f\u00fcr die folgenden Social-Media-Pr\u00e4senzen und Onlineprofile:<\/p>\n<p><a href=\"https:\/\/www.facebook.com\/Q-Jobs-Personalmanagement-GmbH-100863122192982\">https:\/\/www.facebook.com\/Q-Jobs-Personalmanagement-GmbH-100863122192982<\/a><\/p>\n<p><a href=\"https:\/\/at.linkedin.com\/company\/q-jobs-personalmanagement-gmbh\" target=\"_blank\" rel=\"noopener\">https:\/\/at.linkedin.com\/company\/q-jobs-personalmanagement-gmbh<\/a><\/p>\n<p><a href=\"https:\/\/www.instagram.com\/q.jobs.personalmanagement\/\" target=\"_blank\" rel=\"noopener\">https:\/\/www.instagram.com\/q.jobs.personalmanagement\/<\/a><\/p>\n<h2 id=\"m65\">Haftungs- und Schutzrechtshinweise<\/h2>\n<h2 id=\"m2537\">Branding &amp; Webdesign<\/h2>\n<p>michael ruhdorfer* &#8211; sustainable design<\/p>\n<p>Donnersbach 54<\/p>\n<p>8953 Irdning-Donnersbachtal<\/p>\n<p>&#x69;&#110;&#102;&#x6f;&#x40;&#109;&#105;&#x63;&#x68;&#97;&#101;&#x6c;&#x2d;&#114;&#117;&#x68;&#x64;&#111;&#114;&#x66;&#x65;&#114;&#46;&#x61;&#x74;<\/p>\n<p>+43 650 8428010<\/p>\n<p>www.michael-ruhdorfer.at<\/p>\n<h2 id=\"m169\">Bildnachweise<\/h2>\n<p>Bildquellen und Urheberrechtshinweise:<\/p>\n<p>Bildnachweise Team Fotos: <a href=\"https:\/\/www.q-jobs.at\">www.q-jobs.at<\/a><\/p>\n<p>Bildnachweise Illustartionen: <a href=\"https:\/\/undraw.co\/\">https:\/\/undraw.co\/<\/a><\/p>\n<p class=\"seal\"><a title=\"Rechtstext von Dr. Schwenke - f\u00fcr weitere Informationen bitte anklicken.\" href=\"https:\/\/datenschutz-generator.de\/?l=de\" target=\"_blank\" rel=\"noopener noreferrer nofollow\"><img decoding=\"async\" src=\"https:\/\/datenschutz-generator.de\/wp-content\/plugins\/ts-dsg\/images\/dsg-seal\/dsg-seal-ln-de.png\" alt=\"Rechtstext von Dr. Schwenke - f\u00fcr weitere Informationen bitte anklicken.\" width=\"250\" height=\"250\" \/><\/a><\/p>\n<p>[\/vc_column_text][\/vc_column][\/vc_row]<\/p>\n<\/div>","protected":false},"excerpt":{"rendered":"<p>[vc_row][vc_column width=&#8220;1\/1&#8243;][vc_custom_heading heading_semantic=&#8220;h1&#8243; text_size=&#8220;h1&#8243; uncode_shortcode_id=&#8220;140953&#8243;]Impressum[\/vc_custom_heading][vc_column_text uncode_shortcode_id=&#8220;184220&#8243;] Medieninhaber Q-Jobs Personalmanagement GmbH 2 Stock, Werkstra\u00dfe 30, 8940 Liezen Telefon: +43 3612 24 [&hellip;]<\/p>\n","protected":false},"author":1,"featured_media":0,"parent":0,"menu_order":8,"comment_status":"closed","ping_status":"closed","template":"","meta":{"inline_featured_image":false,"footnotes":""},"class_list":["post-13816","page","type-page","status-publish","hentry"],"yoast_head":"<!-- This site is optimized with the Yoast SEO plugin v27.3 - https:\/\/yoast.com\/product\/yoast-seo-wordpress\/ -->\n<title>Impressum - Q-JOBS - Personalmanagement GmbH<\/title>\n<meta name=\"robots\" content=\"index, follow, max-snippet:-1, max-image-preview:large, max-video-preview:-1\" \/>\n<link rel=\"canonical\" href=\"https:\/\/staging.q-jobs.at\/cms\/impressum\/\" \/>\n<meta property=\"og:locale\" content=\"de_DE\" \/>\n<meta property=\"og:type\" content=\"article\" \/>\n<meta property=\"og:title\" content=\"Impressum - Q-JOBS - Personalmanagement GmbH\" \/>\n<meta property=\"og:description\" content=\"[vc_row][vc_column width=&#8220;1\/1&#8243;][vc_custom_heading heading_semantic=&#8220;h1&#8243; text_size=&#8220;h1&#8243; uncode_shortcode_id=&#8220;140953&#8243;]Impressum[\/vc_custom_heading][vc_column_text uncode_shortcode_id=&#8220;184220&#8243;] Medieninhaber Q-Jobs Personalmanagement GmbH 2 Stock, Werkstra\u00dfe 30, 8940 Liezen Telefon: +43 3612 24 [&hellip;]\" \/>\n<meta property=\"og:url\" content=\"https:\/\/staging.q-jobs.at\/cms\/impressum\/\" \/>\n<meta property=\"og:site_name\" content=\"Q-JOBS - Personalmanagement GmbH\" \/>\n<meta property=\"article:publisher\" content=\"https:\/\/www.facebook.com\/Q-Jobs-Personalmanagement-GmbH-100863122192982\" \/>\n<meta property=\"article:modified_time\" content=\"2022-02-09T18:02:11+00:00\" \/>\n<meta property=\"og:image\" content=\"https:\/\/datenschutz-generator.de\/wp-content\/plugins\/ts-dsg\/images\/dsg-seal\/dsg-seal-ln-de.png\" \/>\n<meta name=\"twitter:card\" content=\"summary_large_image\" \/>\n<meta name=\"twitter:label1\" content=\"Gesch\u00e4tzte Lesezeit\" \/>\n\t<meta name=\"twitter:data1\" content=\"1\u00a0Minute\" \/>\n<script type=\"application\/ld+json\" class=\"yoast-schema-graph\">{\"@context\":\"https:\\\/\\\/schema.org\",\"@graph\":[{\"@type\":\"WebPage\",\"@id\":\"https:\\\/\\\/staging.q-jobs.at\\\/cms\\\/impressum\\\/\",\"url\":\"https:\\\/\\\/staging.q-jobs.at\\\/cms\\\/impressum\\\/\",\"name\":\"Impressum - Q-JOBS - Personalmanagement GmbH\",\"isPartOf\":{\"@id\":\"https:\\\/\\\/staging.q-jobs.at\\\/cms\\\/#website\"},\"primaryImageOfPage\":{\"@id\":\"https:\\\/\\\/staging.q-jobs.at\\\/cms\\\/impressum\\\/#primaryimage\"},\"image\":{\"@id\":\"https:\\\/\\\/staging.q-jobs.at\\\/cms\\\/impressum\\\/#primaryimage\"},\"thumbnailUrl\":\"https:\\\/\\\/datenschutz-generator.de\\\/wp-content\\\/plugins\\\/ts-dsg\\\/images\\\/dsg-seal\\\/dsg-seal-ln-de.png\",\"datePublished\":\"2022-01-27T13:31:49+00:00\",\"dateModified\":\"2022-02-09T18:02:11+00:00\",\"breadcrumb\":{\"@id\":\"https:\\\/\\\/staging.q-jobs.at\\\/cms\\\/impressum\\\/#breadcrumb\"},\"inLanguage\":\"de\",\"potentialAction\":[{\"@type\":\"ReadAction\",\"target\":[\"https:\\\/\\\/staging.q-jobs.at\\\/cms\\\/impressum\\\/\"]}]},{\"@type\":\"ImageObject\",\"inLanguage\":\"de\",\"@id\":\"https:\\\/\\\/staging.q-jobs.at\\\/cms\\\/impressum\\\/#primaryimage\",\"url\":\"https:\\\/\\\/datenschutz-generator.de\\\/wp-content\\\/plugins\\\/ts-dsg\\\/images\\\/dsg-seal\\\/dsg-seal-ln-de.png\",\"contentUrl\":\"https:\\\/\\\/datenschutz-generator.de\\\/wp-content\\\/plugins\\\/ts-dsg\\\/images\\\/dsg-seal\\\/dsg-seal-ln-de.png\"},{\"@type\":\"BreadcrumbList\",\"@id\":\"https:\\\/\\\/staging.q-jobs.at\\\/cms\\\/impressum\\\/#breadcrumb\",\"itemListElement\":[{\"@type\":\"ListItem\",\"position\":1,\"name\":\"Startseite\",\"item\":\"https:\\\/\\\/staging.q-jobs.at\\\/cms\\\/\"},{\"@type\":\"ListItem\",\"position\":2,\"name\":\"Impressum\"}]},{\"@type\":\"WebSite\",\"@id\":\"https:\\\/\\\/staging.q-jobs.at\\\/cms\\\/#website\",\"url\":\"https:\\\/\\\/staging.q-jobs.at\\\/cms\\\/\",\"name\":\"Q-JOBS - Personalmanagement GmbH\",\"description\":\"Ihr Partner f&uuml;r Karriereschritte und HR-Erfolg\",\"publisher\":{\"@id\":\"https:\\\/\\\/staging.q-jobs.at\\\/cms\\\/#organization\"},\"potentialAction\":[{\"@type\":\"SearchAction\",\"target\":{\"@type\":\"EntryPoint\",\"urlTemplate\":\"https:\\\/\\\/staging.q-jobs.at\\\/cms\\\/?s={search_term_string}\"},\"query-input\":{\"@type\":\"PropertyValueSpecification\",\"valueRequired\":true,\"valueName\":\"search_term_string\"}}],\"inLanguage\":\"de\"},{\"@type\":\"Organization\",\"@id\":\"https:\\\/\\\/staging.q-jobs.at\\\/cms\\\/#organization\",\"name\":\"Q-Jobs Personalmanagement GmbH\",\"url\":\"https:\\\/\\\/staging.q-jobs.at\\\/cms\\\/\",\"logo\":{\"@type\":\"ImageObject\",\"inLanguage\":\"de\",\"@id\":\"https:\\\/\\\/staging.q-jobs.at\\\/cms\\\/#\\\/schema\\\/logo\\\/image\\\/\",\"url\":\"https:\\\/\\\/staging.q-jobs.at\\\/cms\\\/wp-content\\\/uploads\\\/2021\\\/07\\\/q-jobs-quer.svg\",\"contentUrl\":\"https:\\\/\\\/staging.q-jobs.at\\\/cms\\\/wp-content\\\/uploads\\\/2021\\\/07\\\/q-jobs-quer.svg\",\"width\":283,\"height\":148,\"caption\":\"Q-Jobs Personalmanagement GmbH\"},\"image\":{\"@id\":\"https:\\\/\\\/staging.q-jobs.at\\\/cms\\\/#\\\/schema\\\/logo\\\/image\\\/\"},\"sameAs\":[\"https:\\\/\\\/www.facebook.com\\\/Q-Jobs-Personalmanagement-GmbH-100863122192982\",\"https:\\\/\\\/www.instagram.com\\\/q.jobs.personalmanagement\\\/\",\"https:\\\/\\\/at.linkedin.com\\\/company\\\/q-jobs-personalmanagement-gmbh\"]}]}<\/script>\n<!-- \/ Yoast SEO plugin. -->","yoast_head_json":{"title":"Impressum - Q-JOBS - Personalmanagement GmbH","robots":{"index":"index","follow":"follow","max-snippet":"max-snippet:-1","max-image-preview":"max-image-preview:large","max-video-preview":"max-video-preview:-1"},"canonical":"https:\/\/staging.q-jobs.at\/cms\/impressum\/","og_locale":"de_DE","og_type":"article","og_title":"Impressum - Q-JOBS - Personalmanagement GmbH","og_description":"[vc_row][vc_column width=&#8220;1\/1&#8243;][vc_custom_heading heading_semantic=&#8220;h1&#8243; text_size=&#8220;h1&#8243; uncode_shortcode_id=&#8220;140953&#8243;]Impressum[\/vc_custom_heading][vc_column_text uncode_shortcode_id=&#8220;184220&#8243;] Medieninhaber Q-Jobs Personalmanagement GmbH 2 Stock, Werkstra\u00dfe 30, 8940 Liezen Telefon: +43 3612 24 [&hellip;]","og_url":"https:\/\/staging.q-jobs.at\/cms\/impressum\/","og_site_name":"Q-JOBS - Personalmanagement GmbH","article_publisher":"https:\/\/www.facebook.com\/Q-Jobs-Personalmanagement-GmbH-100863122192982","article_modified_time":"2022-02-09T18:02:11+00:00","og_image":[{"url":"https:\/\/datenschutz-generator.de\/wp-content\/plugins\/ts-dsg\/images\/dsg-seal\/dsg-seal-ln-de.png","type":"","width":"","height":""}],"twitter_card":"summary_large_image","twitter_misc":{"Gesch\u00e4tzte Lesezeit":"1\u00a0Minute"},"schema":{"@context":"https:\/\/schema.org","@graph":[{"@type":"WebPage","@id":"https:\/\/staging.q-jobs.at\/cms\/impressum\/","url":"https:\/\/staging.q-jobs.at\/cms\/impressum\/","name":"Impressum - Q-JOBS - Personalmanagement GmbH","isPartOf":{"@id":"https:\/\/staging.q-jobs.at\/cms\/#website"},"primaryImageOfPage":{"@id":"https:\/\/staging.q-jobs.at\/cms\/impressum\/#primaryimage"},"image":{"@id":"https:\/\/staging.q-jobs.at\/cms\/impressum\/#primaryimage"},"thumbnailUrl":"https:\/\/datenschutz-generator.de\/wp-content\/plugins\/ts-dsg\/images\/dsg-seal\/dsg-seal-ln-de.png","datePublished":"2022-01-27T13:31:49+00:00","dateModified":"2022-02-09T18:02:11+00:00","breadcrumb":{"@id":"https:\/\/staging.q-jobs.at\/cms\/impressum\/#breadcrumb"},"inLanguage":"de","potentialAction":[{"@type":"ReadAction","target":["https:\/\/staging.q-jobs.at\/cms\/impressum\/"]}]},{"@type":"ImageObject","inLanguage":"de","@id":"https:\/\/staging.q-jobs.at\/cms\/impressum\/#primaryimage","url":"https:\/\/datenschutz-generator.de\/wp-content\/plugins\/ts-dsg\/images\/dsg-seal\/dsg-seal-ln-de.png","contentUrl":"https:\/\/datenschutz-generator.de\/wp-content\/plugins\/ts-dsg\/images\/dsg-seal\/dsg-seal-ln-de.png"},{"@type":"BreadcrumbList","@id":"https:\/\/staging.q-jobs.at\/cms\/impressum\/#breadcrumb","itemListElement":[{"@type":"ListItem","position":1,"name":"Startseite","item":"https:\/\/staging.q-jobs.at\/cms\/"},{"@type":"ListItem","position":2,"name":"Impressum"}]},{"@type":"WebSite","@id":"https:\/\/staging.q-jobs.at\/cms\/#website","url":"https:\/\/staging.q-jobs.at\/cms\/","name":"Q-JOBS - Personalmanagement GmbH","description":"Ihr Partner f&uuml;r Karriereschritte und HR-Erfolg","publisher":{"@id":"https:\/\/staging.q-jobs.at\/cms\/#organization"},"potentialAction":[{"@type":"SearchAction","target":{"@type":"EntryPoint","urlTemplate":"https:\/\/staging.q-jobs.at\/cms\/?s={search_term_string}"},"query-input":{"@type":"PropertyValueSpecification","valueRequired":true,"valueName":"search_term_string"}}],"inLanguage":"de"},{"@type":"Organization","@id":"https:\/\/staging.q-jobs.at\/cms\/#organization","name":"Q-Jobs Personalmanagement GmbH","url":"https:\/\/staging.q-jobs.at\/cms\/","logo":{"@type":"ImageObject","inLanguage":"de","@id":"https:\/\/staging.q-jobs.at\/cms\/#\/schema\/logo\/image\/","url":"https:\/\/staging.q-jobs.at\/cms\/wp-content\/uploads\/2021\/07\/q-jobs-quer.svg","contentUrl":"https:\/\/staging.q-jobs.at\/cms\/wp-content\/uploads\/2021\/07\/q-jobs-quer.svg","width":283,"height":148,"caption":"Q-Jobs Personalmanagement GmbH"},"image":{"@id":"https:\/\/staging.q-jobs.at\/cms\/#\/schema\/logo\/image\/"},"sameAs":["https:\/\/www.facebook.com\/Q-Jobs-Personalmanagement-GmbH-100863122192982","https:\/\/www.instagram.com\/q.jobs.personalmanagement\/","https:\/\/at.linkedin.com\/company\/q-jobs-personalmanagement-gmbh"]}]}},"_links":{"self":[{"href":"https:\/\/staging.q-jobs.at\/cms\/wp-json\/wp\/v2\/pages\/13816","targetHints":{"allow":["GET"]}}],"collection":[{"href":"https:\/\/staging.q-jobs.at\/cms\/wp-json\/wp\/v2\/pages"}],"about":[{"href":"https:\/\/staging.q-jobs.at\/cms\/wp-json\/wp\/v2\/types\/page"}],"author":[{"embeddable":true,"href":"https:\/\/staging.q-jobs.at\/cms\/wp-json\/wp\/v2\/users\/1"}],"replies":[{"embeddable":true,"href":"https:\/\/staging.q-jobs.at\/cms\/wp-json\/wp\/v2\/comments?post=13816"}],"version-history":[{"count":3,"href":"https:\/\/staging.q-jobs.at\/cms\/wp-json\/wp\/v2\/pages\/13816\/revisions"}],"predecessor-version":[{"id":14085,"href":"https:\/\/staging.q-jobs.at\/cms\/wp-json\/wp\/v2\/pages\/13816\/revisions\/14085"}],"wp:attachment":[{"href":"https:\/\/staging.q-jobs.at\/cms\/wp-json\/wp\/v2\/media?parent=13816"}],"curies":[{"name":"wp","href":"https:\/\/api.w.org\/{rel}","templated":true}]}}