{"id":14032,"date":"2022-02-08T20:26:48","date_gmt":"2022-02-08T20:26:48","guid":{"rendered":"https:\/\/staging.q-jobs.at\/cms\/?page_id=14032"},"modified":"2026-04-07T08:24:17","modified_gmt":"2026-04-07T08:24:17","slug":"marion-eberhardt","status":"publish","type":"page","link":"https:\/\/staging.q-jobs.at\/cms\/wer-wir-sind\/marion-eberhardt\/","title":{"rendered":"Marion Eberhardt"},"content":{"rendered":"<div class=\"wpb-content-wrapper\"><p>[vc_row][vc_column width=&#8220;1\/1&#8243;][vc_row_inner limit_content=&#8220;&#8220;][vc_column_inner column_width_percent=&#8220;85&#8243; gutter_size=&#8220;3&#8243; overlay_alpha=&#8220;50&#8243; shift_x=&#8220;0&#8243; shift_y=&#8220;0&#8243; shift_y_down=&#8220;0&#8243; z_index=&#8220;0&#8243; medium_width=&#8220;0&#8243; mobile_width=&#8220;0&#8243; width=&#8220;2\/3&#8243; uncode_shortcode_id=&#8220;478895&#8243;][vc_custom_heading uncode_shortcode_id=&#8220;171240&#8243; subheading=&#8220;CEO&#8220;]Marion Eberhardt[\/vc_custom_heading][uncode_list uncode_shortcode_id=&#8220;947500&#8243;]<\/p>\n<ul>\n<li>2-fache M\u00e4delsmama &#8211; liebt es mit ihren Kindern zu basteln und Naturkosmetik herzustellen<\/li>\n<li>Lebt nach dem Spruch von Albert Einstein: Ordnung braucht nur der Dumme, das Genie beherrscht das Chaos<\/li>\n<li>Ihr Motto: &#8222;Wer helle Dinge denkt, zieht helle Dinge an.&#8220;<\/li>\n<li>Glaubt, dass sie locker 100 Dinge gleichzeitig erledigen kann, was ihr nat\u00fcrlich nicht gelingt, deshalb ben\u00f6tigt sie auch immer ihre ToDo Listen<\/li>\n<li>Kann unter Druck am Besten arbeiten<\/li>\n<li>Ist \u00fcberzeugt, dass das Gl\u00fcck der Erde auf den R\u00fccken der Pferde zu finden ist<\/li>\n<li>Mag es nicht, wenn Sachen unausgesprochen bleiben<\/li>\n<li>Insider wissen, dass sie in Wahrheit die Tochter von McGyver ist<\/li>\n<li>Ihr ist eine partnerschaftliche und wertsch\u00e4tzende Beziehung mit Kollegen und Kunden sehr wichtig<\/li>\n<li>Liebt es Pl\u00e4ne zu schmieden und Neues zu kreieren &#8211; meistert Herausforderungen am Liebsten im Team<\/li>\n<\/ul>\n<p>[\/uncode_list][\/vc_column_inner][vc_column_inner column_width_percent=&#8220;100&#8243; gutter_size=&#8220;3&#8243; style=&#8220;dark&#8220; back_color=&#8220;color-149936&#8243; overlay_alpha=&#8220;50&#8243; radius=&#8220;xl&#8220; shift_x=&#8220;0&#8243; shift_y=&#8220;0&#8243; shift_y_down=&#8220;0&#8243; shift_y_down_fixed=&#8220;yes&#8220; z_index=&#8220;0&#8243; medium_width=&#8220;0&#8243; mobile_width=&#8220;0&#8243; width=&#8220;1\/3&#8243; uncode_shortcode_id=&#8220;157111&#8243; back_color_type=&#8220;uncode-palette&#8220;][vc_single_image media=&#8220;20987&#8243; media_width_percent=&#8220;100&#8243; shape=&#8220;img-round&#8220; radius=&#8220;xl&#8220; uncode_shortcode_id=&#8220;305040&#8243;][vc_custom_heading uncode_shortcode_id=&#8220;323645&#8243;]Kontakt[\/vc_custom_heading][vc_column_text uncode_shortcode_id=&#8220;137109&#8243; css=&#8220;.vc_custom_1645731939821{margin-top: 10px !important;}&#8220;]<a href=\"&#116;&#x65;&#108;&#x3a;&#43;&#x34;3&#x36;6&#x34;4&#52;&#x32;&#50;&#x33;&#56;&#x31;\">&#x2b;&#x34;&#51;&#32;&#54;6&#x34;&#x20;&#x34;&#52;&#32;22&#x20;&#x33;&#x38;&#49;<\/a><br \/>\n<a href=\"&#x6d;&#97;&#x69;&#x6c;&#116;&#x6f;&#58;m&#x2e;&#101;b&#x65;&#114;h&#x61;&#114;d&#x74;&#64;&#x71;&#x2d;&#106;&#x6f;&#x62;&#115;&#x2e;&#97;t\">&#69;&#45;&#x4d;&#x61;&#105;&#108;&#x20;&#x73;&#101;&#110;&#x64;&#x65;&#110;<\/a>[\/vc_column_text][vc_icon position=&#8220;left&#8220; space_reduced=&#8220;yes&#8220; display=&#8220;inline&#8220; icon=&#8220;fa fa-linkedin&#8220; uncode_shortcode_id=&#8220;695437&#8243; link=&#8220;url:https%3A%2F%2Fat.linkedin.com%2Fin%2Fmarion-eberhardt-b58203209&#8243;][\/vc_icon][vc_icon position=&#8220;left&#8220; display=&#8220;inline&#8220; icon=&#8220;fa fa-xing&#8220; uncode_shortcode_id=&#8220;148192&#8243; link=&#8220;url:https%3A%2F%2Fwww.xing.com%2Fprofile%2FMarion_Eberhardt2&#8243;][\/vc_icon][\/vc_column_inner][\/vc_row_inner][\/vc_column][\/vc_row]<\/p>\n<\/div>","protected":false},"excerpt":{"rendered":"<p><em>Gesch\u00e4ftsf\u00fchrung<\/em><\/p>\n<p>Marion verantwortet die interne Organisation, Abrechnung, Recruiting und HR-Struktur von Q JOBS.<\/p>\n<p>Sie sorgt f\u00fcr sichere Abl\u00e4ufe, transparente Lohnverrechnung und stabile Prozesse \u2013 und steht als Eigent\u00fcmerin pers\u00f6nlich daf\u00fcr ein.<\/p>\n","protected":false},"author":1,"featured_media":20987,"parent":7,"menu_order":17,"comment_status":"closed","ping_status":"closed","template":"","meta":{"inline_featured_image":false,"footnotes":""},"class_list":["post-14032","page","type-page","status-publish","has-post-thumbnail","hentry"],"yoast_head":"<!-- This site is optimized with the Yoast SEO plugin v27.3 - https:\/\/yoast.com\/product\/yoast-seo-wordpress\/ -->\n<title>Marion Eberhardt - Q-JOBS - Personalmanagement GmbH<\/title>\n<meta name=\"robots\" content=\"index, follow, max-snippet:-1, max-image-preview:large, max-video-preview:-1\" \/>\n<link rel=\"canonical\" href=\"https:\/\/staging.q-jobs.at\/cms\/wer-wir-sind\/marion-eberhardt\/\" \/>\n<meta property=\"og:locale\" content=\"de_DE\" \/>\n<meta property=\"og:type\" content=\"article\" \/>\n<meta property=\"og:title\" content=\"Marion Eberhardt - Q-JOBS - Personalmanagement GmbH\" \/>\n<meta property=\"og:description\" content=\"Gesch\u00e4ftsf\u00fchrung Marion verantwortet die interne Organisation, Abrechnung, Recruiting und HR-Struktur von Q JOBS. Sie sorgt f\u00fcr sichere Abl\u00e4ufe, transparente Lohnverrechnung und stabile Prozesse \u2013 und steht als Eigent\u00fcmerin pers\u00f6nlich daf\u00fcr ein.\" \/>\n<meta property=\"og:url\" content=\"https:\/\/staging.q-jobs.at\/cms\/wer-wir-sind\/marion-eberhardt\/\" \/>\n<meta property=\"og:site_name\" content=\"Q-JOBS - Personalmanagement GmbH\" \/>\n<meta property=\"article:publisher\" content=\"https:\/\/www.facebook.com\/Q-Jobs-Personalmanagement-GmbH-100863122192982\" \/>\n<meta property=\"article:modified_time\" content=\"2026-04-07T08:24:17+00:00\" \/>\n<meta property=\"og:image\" content=\"https:\/\/staging.q-jobs.at\/cms\/wp-content\/uploads\/2024\/09\/q-jobs-marion-eberhardt.jpg\" \/>\n\t<meta property=\"og:image:width\" content=\"800\" \/>\n\t<meta property=\"og:image:height\" content=\"800\" \/>\n\t<meta property=\"og:image:type\" content=\"image\/jpeg\" \/>\n<meta name=\"twitter:card\" content=\"summary_large_image\" \/>\n<meta name=\"twitter:label1\" content=\"Gesch\u00e4tzte Lesezeit\" \/>\n\t<meta name=\"twitter:data1\" content=\"2\u00a0Minuten\" \/>\n<script type=\"application\/ld+json\" class=\"yoast-schema-graph\">{\"@context\":\"https:\\\/\\\/schema.org\",\"@graph\":[{\"@type\":\"WebPage\",\"@id\":\"https:\\\/\\\/staging.q-jobs.at\\\/cms\\\/wer-wir-sind\\\/marion-eberhardt\\\/\",\"url\":\"https:\\\/\\\/staging.q-jobs.at\\\/cms\\\/wer-wir-sind\\\/marion-eberhardt\\\/\",\"name\":\"Marion Eberhardt - Q-JOBS - Personalmanagement GmbH\",\"isPartOf\":{\"@id\":\"https:\\\/\\\/staging.q-jobs.at\\\/cms\\\/#website\"},\"primaryImageOfPage\":{\"@id\":\"https:\\\/\\\/staging.q-jobs.at\\\/cms\\\/wer-wir-sind\\\/marion-eberhardt\\\/#primaryimage\"},\"image\":{\"@id\":\"https:\\\/\\\/staging.q-jobs.at\\\/cms\\\/wer-wir-sind\\\/marion-eberhardt\\\/#primaryimage\"},\"thumbnailUrl\":\"https:\\\/\\\/staging.q-jobs.at\\\/cms\\\/wp-content\\\/uploads\\\/2024\\\/09\\\/q-jobs-marion-eberhardt.jpg\",\"datePublished\":\"2022-02-08T20:26:48+00:00\",\"dateModified\":\"2026-04-07T08:24:17+00:00\",\"breadcrumb\":{\"@id\":\"https:\\\/\\\/staging.q-jobs.at\\\/cms\\\/wer-wir-sind\\\/marion-eberhardt\\\/#breadcrumb\"},\"inLanguage\":\"de\",\"potentialAction\":[{\"@type\":\"ReadAction\",\"target\":[\"https:\\\/\\\/staging.q-jobs.at\\\/cms\\\/wer-wir-sind\\\/marion-eberhardt\\\/\"]}]},{\"@type\":\"ImageObject\",\"inLanguage\":\"de\",\"@id\":\"https:\\\/\\\/staging.q-jobs.at\\\/cms\\\/wer-wir-sind\\\/marion-eberhardt\\\/#primaryimage\",\"url\":\"https:\\\/\\\/staging.q-jobs.at\\\/cms\\\/wp-content\\\/uploads\\\/2024\\\/09\\\/q-jobs-marion-eberhardt.jpg\",\"contentUrl\":\"https:\\\/\\\/staging.q-jobs.at\\\/cms\\\/wp-content\\\/uploads\\\/2024\\\/09\\\/q-jobs-marion-eberhardt.jpg\",\"width\":800,\"height\":800},{\"@type\":\"BreadcrumbList\",\"@id\":\"https:\\\/\\\/staging.q-jobs.at\\\/cms\\\/wer-wir-sind\\\/marion-eberhardt\\\/#breadcrumb\",\"itemListElement\":[{\"@type\":\"ListItem\",\"position\":1,\"name\":\"Startseite\",\"item\":\"https:\\\/\\\/staging.q-jobs.at\\\/cms\\\/\"},{\"@type\":\"ListItem\",\"position\":2,\"name\":\"Wer wir sind\",\"item\":\"https:\\\/\\\/staging.q-jobs.at\\\/cms\\\/wer-wir-sind\\\/\"},{\"@type\":\"ListItem\",\"position\":3,\"name\":\"Marion Eberhardt\"}]},{\"@type\":\"WebSite\",\"@id\":\"https:\\\/\\\/staging.q-jobs.at\\\/cms\\\/#website\",\"url\":\"https:\\\/\\\/staging.q-jobs.at\\\/cms\\\/\",\"name\":\"Q-JOBS - Personalmanagement GmbH\",\"description\":\"Ihr Partner f&uuml;r Karriereschritte und HR-Erfolg\",\"publisher\":{\"@id\":\"https:\\\/\\\/staging.q-jobs.at\\\/cms\\\/#organization\"},\"potentialAction\":[{\"@type\":\"SearchAction\",\"target\":{\"@type\":\"EntryPoint\",\"urlTemplate\":\"https:\\\/\\\/staging.q-jobs.at\\\/cms\\\/?s={search_term_string}\"},\"query-input\":{\"@type\":\"PropertyValueSpecification\",\"valueRequired\":true,\"valueName\":\"search_term_string\"}}],\"inLanguage\":\"de\"},{\"@type\":\"Organization\",\"@id\":\"https:\\\/\\\/staging.q-jobs.at\\\/cms\\\/#organization\",\"name\":\"Q-Jobs Personalmanagement GmbH\",\"url\":\"https:\\\/\\\/staging.q-jobs.at\\\/cms\\\/\",\"logo\":{\"@type\":\"ImageObject\",\"inLanguage\":\"de\",\"@id\":\"https:\\\/\\\/staging.q-jobs.at\\\/cms\\\/#\\\/schema\\\/logo\\\/image\\\/\",\"url\":\"https:\\\/\\\/staging.q-jobs.at\\\/cms\\\/wp-content\\\/uploads\\\/2021\\\/07\\\/q-jobs-quer.svg\",\"contentUrl\":\"https:\\\/\\\/staging.q-jobs.at\\\/cms\\\/wp-content\\\/uploads\\\/2021\\\/07\\\/q-jobs-quer.svg\",\"width\":283,\"height\":148,\"caption\":\"Q-Jobs Personalmanagement GmbH\"},\"image\":{\"@id\":\"https:\\\/\\\/staging.q-jobs.at\\\/cms\\\/#\\\/schema\\\/logo\\\/image\\\/\"},\"sameAs\":[\"https:\\\/\\\/www.facebook.com\\\/Q-Jobs-Personalmanagement-GmbH-100863122192982\",\"https:\\\/\\\/www.instagram.com\\\/q.jobs.personalmanagement\\\/\",\"https:\\\/\\\/at.linkedin.com\\\/company\\\/q-jobs-personalmanagement-gmbh\"]}]}<\/script>\n<!-- \/ Yoast SEO plugin. -->","yoast_head_json":{"title":"Marion Eberhardt - Q-JOBS - Personalmanagement GmbH","robots":{"index":"index","follow":"follow","max-snippet":"max-snippet:-1","max-image-preview":"max-image-preview:large","max-video-preview":"max-video-preview:-1"},"canonical":"https:\/\/staging.q-jobs.at\/cms\/wer-wir-sind\/marion-eberhardt\/","og_locale":"de_DE","og_type":"article","og_title":"Marion Eberhardt - Q-JOBS - Personalmanagement GmbH","og_description":"Gesch\u00e4ftsf\u00fchrung Marion verantwortet die interne Organisation, Abrechnung, Recruiting und HR-Struktur von Q JOBS. Sie sorgt f\u00fcr sichere Abl\u00e4ufe, transparente Lohnverrechnung und stabile Prozesse \u2013 und steht als Eigent\u00fcmerin pers\u00f6nlich daf\u00fcr ein.","og_url":"https:\/\/staging.q-jobs.at\/cms\/wer-wir-sind\/marion-eberhardt\/","og_site_name":"Q-JOBS - Personalmanagement GmbH","article_publisher":"https:\/\/www.facebook.com\/Q-Jobs-Personalmanagement-GmbH-100863122192982","article_modified_time":"2026-04-07T08:24:17+00:00","og_image":[{"width":800,"height":800,"url":"https:\/\/staging.q-jobs.at\/cms\/wp-content\/uploads\/2024\/09\/q-jobs-marion-eberhardt.jpg","type":"image\/jpeg"}],"twitter_card":"summary_large_image","twitter_misc":{"Gesch\u00e4tzte Lesezeit":"2\u00a0Minuten"},"schema":{"@context":"https:\/\/schema.org","@graph":[{"@type":"WebPage","@id":"https:\/\/staging.q-jobs.at\/cms\/wer-wir-sind\/marion-eberhardt\/","url":"https:\/\/staging.q-jobs.at\/cms\/wer-wir-sind\/marion-eberhardt\/","name":"Marion Eberhardt - Q-JOBS - Personalmanagement GmbH","isPartOf":{"@id":"https:\/\/staging.q-jobs.at\/cms\/#website"},"primaryImageOfPage":{"@id":"https:\/\/staging.q-jobs.at\/cms\/wer-wir-sind\/marion-eberhardt\/#primaryimage"},"image":{"@id":"https:\/\/staging.q-jobs.at\/cms\/wer-wir-sind\/marion-eberhardt\/#primaryimage"},"thumbnailUrl":"https:\/\/staging.q-jobs.at\/cms\/wp-content\/uploads\/2024\/09\/q-jobs-marion-eberhardt.jpg","datePublished":"2022-02-08T20:26:48+00:00","dateModified":"2026-04-07T08:24:17+00:00","breadcrumb":{"@id":"https:\/\/staging.q-jobs.at\/cms\/wer-wir-sind\/marion-eberhardt\/#breadcrumb"},"inLanguage":"de","potentialAction":[{"@type":"ReadAction","target":["https:\/\/staging.q-jobs.at\/cms\/wer-wir-sind\/marion-eberhardt\/"]}]},{"@type":"ImageObject","inLanguage":"de","@id":"https:\/\/staging.q-jobs.at\/cms\/wer-wir-sind\/marion-eberhardt\/#primaryimage","url":"https:\/\/staging.q-jobs.at\/cms\/wp-content\/uploads\/2024\/09\/q-jobs-marion-eberhardt.jpg","contentUrl":"https:\/\/staging.q-jobs.at\/cms\/wp-content\/uploads\/2024\/09\/q-jobs-marion-eberhardt.jpg","width":800,"height":800},{"@type":"BreadcrumbList","@id":"https:\/\/staging.q-jobs.at\/cms\/wer-wir-sind\/marion-eberhardt\/#breadcrumb","itemListElement":[{"@type":"ListItem","position":1,"name":"Startseite","item":"https:\/\/staging.q-jobs.at\/cms\/"},{"@type":"ListItem","position":2,"name":"Wer wir sind","item":"https:\/\/staging.q-jobs.at\/cms\/wer-wir-sind\/"},{"@type":"ListItem","position":3,"name":"Marion Eberhardt"}]},{"@type":"WebSite","@id":"https:\/\/staging.q-jobs.at\/cms\/#website","url":"https:\/\/staging.q-jobs.at\/cms\/","name":"Q-JOBS - Personalmanagement GmbH","description":"Ihr Partner f&uuml;r Karriereschritte und HR-Erfolg","publisher":{"@id":"https:\/\/staging.q-jobs.at\/cms\/#organization"},"potentialAction":[{"@type":"SearchAction","target":{"@type":"EntryPoint","urlTemplate":"https:\/\/staging.q-jobs.at\/cms\/?s={search_term_string}"},"query-input":{"@type":"PropertyValueSpecification","valueRequired":true,"valueName":"search_term_string"}}],"inLanguage":"de"},{"@type":"Organization","@id":"https:\/\/staging.q-jobs.at\/cms\/#organization","name":"Q-Jobs Personalmanagement GmbH","url":"https:\/\/staging.q-jobs.at\/cms\/","logo":{"@type":"ImageObject","inLanguage":"de","@id":"https:\/\/staging.q-jobs.at\/cms\/#\/schema\/logo\/image\/","url":"https:\/\/staging.q-jobs.at\/cms\/wp-content\/uploads\/2021\/07\/q-jobs-quer.svg","contentUrl":"https:\/\/staging.q-jobs.at\/cms\/wp-content\/uploads\/2021\/07\/q-jobs-quer.svg","width":283,"height":148,"caption":"Q-Jobs Personalmanagement GmbH"},"image":{"@id":"https:\/\/staging.q-jobs.at\/cms\/#\/schema\/logo\/image\/"},"sameAs":["https:\/\/www.facebook.com\/Q-Jobs-Personalmanagement-GmbH-100863122192982","https:\/\/www.instagram.com\/q.jobs.personalmanagement\/","https:\/\/at.linkedin.com\/company\/q-jobs-personalmanagement-gmbh"]}]}},"_links":{"self":[{"href":"https:\/\/staging.q-jobs.at\/cms\/wp-json\/wp\/v2\/pages\/14032","targetHints":{"allow":["GET"]}}],"collection":[{"href":"https:\/\/staging.q-jobs.at\/cms\/wp-json\/wp\/v2\/pages"}],"about":[{"href":"https:\/\/staging.q-jobs.at\/cms\/wp-json\/wp\/v2\/types\/page"}],"author":[{"embeddable":true,"href":"https:\/\/staging.q-jobs.at\/cms\/wp-json\/wp\/v2\/users\/1"}],"replies":[{"embeddable":true,"href":"https:\/\/staging.q-jobs.at\/cms\/wp-json\/wp\/v2\/comments?post=14032"}],"version-history":[{"count":18,"href":"https:\/\/staging.q-jobs.at\/cms\/wp-json\/wp\/v2\/pages\/14032\/revisions"}],"predecessor-version":[{"id":166611,"href":"https:\/\/staging.q-jobs.at\/cms\/wp-json\/wp\/v2\/pages\/14032\/revisions\/166611"}],"up":[{"embeddable":true,"href":"https:\/\/staging.q-jobs.at\/cms\/wp-json\/wp\/v2\/pages\/7"}],"wp:featuredmedia":[{"embeddable":true,"href":"https:\/\/staging.q-jobs.at\/cms\/wp-json\/wp\/v2\/media\/20987"}],"wp:attachment":[{"href":"https:\/\/staging.q-jobs.at\/cms\/wp-json\/wp\/v2\/media?parent=14032"}],"curies":[{"name":"wp","href":"https:\/\/api.w.org\/{rel}","templated":true}]}}