{"id":14248,"date":"2022-02-17T12:10:54","date_gmt":"2022-02-17T12:10:54","guid":{"rendered":"https:\/\/www.q-jobs.at\/?page_id=14248"},"modified":"2026-04-07T08:20:19","modified_gmt":"2026-04-07T08:20:19","slug":"christian-wulz","status":"publish","type":"page","link":"https:\/\/staging.q-jobs.at\/cms\/wer-wir-sind\/christian-wulz\/","title":{"rendered":"Christian Wulz"},"content":{"rendered":"<div class=\"wpb-content-wrapper\"><p>[vc_row][vc_column width=&#8220;1\/1&#8243;][vc_row_inner limit_content=&#8220;&#8220;][vc_column_inner column_width_percent=&#8220;100&#8243; gutter_size=&#8220;3&#8243; overlay_alpha=&#8220;50&#8243; shift_x=&#8220;0&#8243; shift_y=&#8220;0&#8243; shift_y_down=&#8220;0&#8243; z_index=&#8220;0&#8243; medium_width=&#8220;0&#8243; mobile_width=&#8220;0&#8243; width=&#8220;2\/3&#8243; uncode_shortcode_id=&#8220;170878&#8243;][vc_custom_heading uncode_shortcode_id=&#8220;129358&#8243; subheading=&#8220;CEO&#8220;]Christian Wulz[\/vc_custom_heading][uncode_list uncode_shortcode_id=&#8220;410893&#8243;]<\/p>\n<ul>\n<li>Verheiratet, 2 Kinder, ist immer gerne auf Achse und mit seiner Familie unterwegs<\/li>\n<li>F\u00fchrt nicht nur ein Unternehmen, sondern ist tats\u00e4chlich ein leidenschaftlicher Pilot<\/li>\n<li>Liebt Kino und einen guten Film<\/li>\n<li>Spornt sein Team zu Spitzleistungen an, ist dabei immer auf Augenh\u00f6he, wertsch\u00e4tzend und agiert als Vorbild<\/li>\n<li>Erfahren, gerechtigkeitsliebend, ruhig und zuh\u00f6rend entwickelt er L\u00f6sungen f\u00fcr alle Beteiligten<\/li>\n<li>Innovation und Weiterentwicklung<\/li>\n<\/ul>\n<p>[\/uncode_list][vc_custom_heading uncode_shortcode_id=&#8220;190533&#8243;]Was unser Team an ihm sch\u00e4tzt:[\/vc_custom_heading][vc_column_text uncode_shortcode_id=&#8220;724740&#8243;]Unser Arbeitsrecht Joker \u2013 kennt das Arbeitsrecht wie seine Westentasche und versucht immer die Beste L\u00f6sung f\u00fcr das Team zu finden.<br \/>\nEr holt uns \u2013 wenn es sein muss &#8211; auf den Boden der Tatsachen zur\u00fcck, ist immer h\u00f6flich, respektvoll und bewahrt auch in den brenzligsten Situationen Ruhe.[\/vc_column_text][\/vc_column_inner][vc_column_inner column_width_percent=&#8220;100&#8243; gutter_size=&#8220;3&#8243; style=&#8220;light&#8220; back_color=&#8220;color-107200&#8243; overlay_alpha=&#8220;50&#8243; radius=&#8220;xl&#8220; shift_x=&#8220;0&#8243; shift_y=&#8220;0&#8243; shift_y_down=&#8220;0&#8243; shift_y_down_fixed=&#8220;yes&#8220; z_index=&#8220;0&#8243; medium_width=&#8220;0&#8243; mobile_width=&#8220;0&#8243; width=&#8220;1\/3&#8243; uncode_shortcode_id=&#8220;189303&#8243; back_color_type=&#8220;uncode-palette&#8220;][vc_single_image media=&#8220;20990&#8243; media_width_percent=&#8220;100&#8243; shape=&#8220;img-round&#8220; radius=&#8220;xl&#8220; uncode_shortcode_id=&#8220;112707&#8243;][vc_custom_heading uncode_shortcode_id=&#8220;323645&#8243;]Kontakt[\/vc_custom_heading][vc_column_text uncode_shortcode_id=&#8220;122351&#8243; css=&#8220;.vc_custom_1645099915115{margin-top: 10px !important;}&#8220;]<a href=\"&#x74;&#x65;&#108;&#58;+4&#x33;&#x36;&#x36;&#52;10&#x37;&#x30;&#x38;&#52;&#56;\">+&#52;&#x33;&#x20;6&#54;&#x30;&#x20;1&#51;&#x20;&#x33;5&#32;&#x32;&#x36;2<\/a><br \/>\n<a href=\"m&#97;&#x69;&#x6c;t&#111;&#58;&#x63;&#x2e;w&#117;&#108;&#x7a;&#x40;q&#45;&#x6a;&#x6f;&#x62;s&#46;&#x61;&#x74;\">&#69;-&#x4d;a&#x69;l&#x20;&#115;&#x65;&#110;&#x64;&#101;n<\/a>[\/vc_column_text][vc_icon position=&#8220;left&#8220; space_reduced=&#8220;yes&#8220; display=&#8220;inline&#8220; icon=&#8220;fa fa-linkedin&#8220; uncode_shortcode_id=&#8220;169784&#8243; link=&#8220;url:https%3A%2F%2Fat.linkedin.com%2Fcompany%2Fq-jobs-personalmanagement-gmbh&#8220;][\/vc_icon][vc_icon position=&#8220;left&#8220; display=&#8220;inline&#8220; icon=&#8220;fa fa-xing&#8220; uncode_shortcode_id=&#8220;206795&#8243; link=&#8220;url:%23&#8243;][\/vc_icon][\/vc_column_inner][\/vc_row_inner][\/vc_column][\/vc_row]<\/p>\n<\/div>","protected":false},"excerpt":{"rendered":"<p><em>Gesch\u00e4ftsf\u00fchrung<\/em><\/p>\n<p>Christian verantwortet Markt, Key-Account &#038; Kundenentwicklung sowie Personalberatung und HR-Services. Er ist Ihr direkter Ansprechpartner f\u00fcr Bedarfsanalyse, L\u00f6sungsentwicklung, Angebot und Kundenbetreuung \u2013 ohne Zwischenebene.<\/p>\n","protected":false},"author":1,"featured_media":20990,"parent":7,"menu_order":18,"comment_status":"closed","ping_status":"closed","template":"","meta":{"inline_featured_image":false,"footnotes":""},"class_list":["post-14248","page","type-page","status-publish","has-post-thumbnail","hentry"],"yoast_head":"<!-- This site is optimized with the Yoast SEO plugin v27.3 - https:\/\/yoast.com\/product\/yoast-seo-wordpress\/ -->\n<title>Christian Wulz - Q-JOBS - Personalmanagement GmbH<\/title>\n<meta name=\"robots\" content=\"index, follow, max-snippet:-1, max-image-preview:large, max-video-preview:-1\" \/>\n<link rel=\"canonical\" href=\"https:\/\/staging.q-jobs.at\/cms\/wer-wir-sind\/christian-wulz\/\" \/>\n<meta property=\"og:locale\" content=\"de_DE\" \/>\n<meta property=\"og:type\" content=\"article\" \/>\n<meta property=\"og:title\" content=\"Christian Wulz - Q-JOBS - Personalmanagement GmbH\" \/>\n<meta property=\"og:description\" content=\"Gesch\u00e4ftsf\u00fchrung  Christian verantwortet Markt, Key-Account &amp; Kundenentwicklung sowie Personalberatung und HR-Services. Er ist Ihr direkter Ansprechpartner f\u00fcr Bedarfsanalyse, L\u00f6sungsentwicklung, Angebot und Kundenbetreuung \u2013 ohne Zwischenebene.\" \/>\n<meta property=\"og:url\" content=\"https:\/\/staging.q-jobs.at\/cms\/wer-wir-sind\/christian-wulz\/\" \/>\n<meta property=\"og:site_name\" content=\"Q-JOBS - Personalmanagement GmbH\" \/>\n<meta property=\"article:publisher\" content=\"https:\/\/www.facebook.com\/Q-Jobs-Personalmanagement-GmbH-100863122192982\" \/>\n<meta property=\"article:modified_time\" content=\"2026-04-07T08:20:19+00:00\" \/>\n<meta property=\"og:image\" content=\"https:\/\/staging.q-jobs.at\/cms\/wp-content\/uploads\/2024\/09\/q-jobs-christian-wulz.jpg\" \/>\n\t<meta property=\"og:image:width\" content=\"800\" \/>\n\t<meta property=\"og:image:height\" content=\"800\" \/>\n\t<meta property=\"og:image:type\" content=\"image\/jpeg\" \/>\n<meta name=\"twitter:card\" content=\"summary_large_image\" \/>\n<meta name=\"twitter:label1\" content=\"Gesch\u00e4tzte Lesezeit\" \/>\n\t<meta name=\"twitter:data1\" content=\"2\u00a0Minuten\" \/>\n<script type=\"application\/ld+json\" class=\"yoast-schema-graph\">{\"@context\":\"https:\\\/\\\/schema.org\",\"@graph\":[{\"@type\":\"WebPage\",\"@id\":\"https:\\\/\\\/staging.q-jobs.at\\\/cms\\\/wer-wir-sind\\\/christian-wulz\\\/\",\"url\":\"https:\\\/\\\/staging.q-jobs.at\\\/cms\\\/wer-wir-sind\\\/christian-wulz\\\/\",\"name\":\"Christian Wulz - Q-JOBS - Personalmanagement GmbH\",\"isPartOf\":{\"@id\":\"https:\\\/\\\/staging.q-jobs.at\\\/cms\\\/#website\"},\"primaryImageOfPage\":{\"@id\":\"https:\\\/\\\/staging.q-jobs.at\\\/cms\\\/wer-wir-sind\\\/christian-wulz\\\/#primaryimage\"},\"image\":{\"@id\":\"https:\\\/\\\/staging.q-jobs.at\\\/cms\\\/wer-wir-sind\\\/christian-wulz\\\/#primaryimage\"},\"thumbnailUrl\":\"https:\\\/\\\/staging.q-jobs.at\\\/cms\\\/wp-content\\\/uploads\\\/2024\\\/09\\\/q-jobs-christian-wulz.jpg\",\"datePublished\":\"2022-02-17T12:10:54+00:00\",\"dateModified\":\"2026-04-07T08:20:19+00:00\",\"breadcrumb\":{\"@id\":\"https:\\\/\\\/staging.q-jobs.at\\\/cms\\\/wer-wir-sind\\\/christian-wulz\\\/#breadcrumb\"},\"inLanguage\":\"de\",\"potentialAction\":[{\"@type\":\"ReadAction\",\"target\":[\"https:\\\/\\\/staging.q-jobs.at\\\/cms\\\/wer-wir-sind\\\/christian-wulz\\\/\"]}]},{\"@type\":\"ImageObject\",\"inLanguage\":\"de\",\"@id\":\"https:\\\/\\\/staging.q-jobs.at\\\/cms\\\/wer-wir-sind\\\/christian-wulz\\\/#primaryimage\",\"url\":\"https:\\\/\\\/staging.q-jobs.at\\\/cms\\\/wp-content\\\/uploads\\\/2024\\\/09\\\/q-jobs-christian-wulz.jpg\",\"contentUrl\":\"https:\\\/\\\/staging.q-jobs.at\\\/cms\\\/wp-content\\\/uploads\\\/2024\\\/09\\\/q-jobs-christian-wulz.jpg\",\"width\":800,\"height\":800},{\"@type\":\"BreadcrumbList\",\"@id\":\"https:\\\/\\\/staging.q-jobs.at\\\/cms\\\/wer-wir-sind\\\/christian-wulz\\\/#breadcrumb\",\"itemListElement\":[{\"@type\":\"ListItem\",\"position\":1,\"name\":\"Startseite\",\"item\":\"https:\\\/\\\/staging.q-jobs.at\\\/cms\\\/\"},{\"@type\":\"ListItem\",\"position\":2,\"name\":\"Wer wir sind\",\"item\":\"https:\\\/\\\/staging.q-jobs.at\\\/cms\\\/wer-wir-sind\\\/\"},{\"@type\":\"ListItem\",\"position\":3,\"name\":\"Christian Wulz\"}]},{\"@type\":\"WebSite\",\"@id\":\"https:\\\/\\\/staging.q-jobs.at\\\/cms\\\/#website\",\"url\":\"https:\\\/\\\/staging.q-jobs.at\\\/cms\\\/\",\"name\":\"Q-JOBS - Personalmanagement GmbH\",\"description\":\"Ihr Partner f&uuml;r Karriereschritte und HR-Erfolg\",\"publisher\":{\"@id\":\"https:\\\/\\\/staging.q-jobs.at\\\/cms\\\/#organization\"},\"potentialAction\":[{\"@type\":\"SearchAction\",\"target\":{\"@type\":\"EntryPoint\",\"urlTemplate\":\"https:\\\/\\\/staging.q-jobs.at\\\/cms\\\/?s={search_term_string}\"},\"query-input\":{\"@type\":\"PropertyValueSpecification\",\"valueRequired\":true,\"valueName\":\"search_term_string\"}}],\"inLanguage\":\"de\"},{\"@type\":\"Organization\",\"@id\":\"https:\\\/\\\/staging.q-jobs.at\\\/cms\\\/#organization\",\"name\":\"Q-Jobs Personalmanagement GmbH\",\"url\":\"https:\\\/\\\/staging.q-jobs.at\\\/cms\\\/\",\"logo\":{\"@type\":\"ImageObject\",\"inLanguage\":\"de\",\"@id\":\"https:\\\/\\\/staging.q-jobs.at\\\/cms\\\/#\\\/schema\\\/logo\\\/image\\\/\",\"url\":\"https:\\\/\\\/staging.q-jobs.at\\\/cms\\\/wp-content\\\/uploads\\\/2021\\\/07\\\/q-jobs-quer.svg\",\"contentUrl\":\"https:\\\/\\\/staging.q-jobs.at\\\/cms\\\/wp-content\\\/uploads\\\/2021\\\/07\\\/q-jobs-quer.svg\",\"width\":283,\"height\":148,\"caption\":\"Q-Jobs Personalmanagement GmbH\"},\"image\":{\"@id\":\"https:\\\/\\\/staging.q-jobs.at\\\/cms\\\/#\\\/schema\\\/logo\\\/image\\\/\"},\"sameAs\":[\"https:\\\/\\\/www.facebook.com\\\/Q-Jobs-Personalmanagement-GmbH-100863122192982\",\"https:\\\/\\\/www.instagram.com\\\/q.jobs.personalmanagement\\\/\",\"https:\\\/\\\/at.linkedin.com\\\/company\\\/q-jobs-personalmanagement-gmbh\"]}]}<\/script>\n<!-- \/ Yoast SEO plugin. -->","yoast_head_json":{"title":"Christian Wulz - Q-JOBS - Personalmanagement GmbH","robots":{"index":"index","follow":"follow","max-snippet":"max-snippet:-1","max-image-preview":"max-image-preview:large","max-video-preview":"max-video-preview:-1"},"canonical":"https:\/\/staging.q-jobs.at\/cms\/wer-wir-sind\/christian-wulz\/","og_locale":"de_DE","og_type":"article","og_title":"Christian Wulz - Q-JOBS - Personalmanagement GmbH","og_description":"Gesch\u00e4ftsf\u00fchrung  Christian verantwortet Markt, Key-Account & Kundenentwicklung sowie Personalberatung und HR-Services. Er ist Ihr direkter Ansprechpartner f\u00fcr Bedarfsanalyse, L\u00f6sungsentwicklung, Angebot und Kundenbetreuung \u2013 ohne Zwischenebene.","og_url":"https:\/\/staging.q-jobs.at\/cms\/wer-wir-sind\/christian-wulz\/","og_site_name":"Q-JOBS - Personalmanagement GmbH","article_publisher":"https:\/\/www.facebook.com\/Q-Jobs-Personalmanagement-GmbH-100863122192982","article_modified_time":"2026-04-07T08:20:19+00:00","og_image":[{"width":800,"height":800,"url":"https:\/\/staging.q-jobs.at\/cms\/wp-content\/uploads\/2024\/09\/q-jobs-christian-wulz.jpg","type":"image\/jpeg"}],"twitter_card":"summary_large_image","twitter_misc":{"Gesch\u00e4tzte Lesezeit":"2\u00a0Minuten"},"schema":{"@context":"https:\/\/schema.org","@graph":[{"@type":"WebPage","@id":"https:\/\/staging.q-jobs.at\/cms\/wer-wir-sind\/christian-wulz\/","url":"https:\/\/staging.q-jobs.at\/cms\/wer-wir-sind\/christian-wulz\/","name":"Christian Wulz - Q-JOBS - Personalmanagement GmbH","isPartOf":{"@id":"https:\/\/staging.q-jobs.at\/cms\/#website"},"primaryImageOfPage":{"@id":"https:\/\/staging.q-jobs.at\/cms\/wer-wir-sind\/christian-wulz\/#primaryimage"},"image":{"@id":"https:\/\/staging.q-jobs.at\/cms\/wer-wir-sind\/christian-wulz\/#primaryimage"},"thumbnailUrl":"https:\/\/staging.q-jobs.at\/cms\/wp-content\/uploads\/2024\/09\/q-jobs-christian-wulz.jpg","datePublished":"2022-02-17T12:10:54+00:00","dateModified":"2026-04-07T08:20:19+00:00","breadcrumb":{"@id":"https:\/\/staging.q-jobs.at\/cms\/wer-wir-sind\/christian-wulz\/#breadcrumb"},"inLanguage":"de","potentialAction":[{"@type":"ReadAction","target":["https:\/\/staging.q-jobs.at\/cms\/wer-wir-sind\/christian-wulz\/"]}]},{"@type":"ImageObject","inLanguage":"de","@id":"https:\/\/staging.q-jobs.at\/cms\/wer-wir-sind\/christian-wulz\/#primaryimage","url":"https:\/\/staging.q-jobs.at\/cms\/wp-content\/uploads\/2024\/09\/q-jobs-christian-wulz.jpg","contentUrl":"https:\/\/staging.q-jobs.at\/cms\/wp-content\/uploads\/2024\/09\/q-jobs-christian-wulz.jpg","width":800,"height":800},{"@type":"BreadcrumbList","@id":"https:\/\/staging.q-jobs.at\/cms\/wer-wir-sind\/christian-wulz\/#breadcrumb","itemListElement":[{"@type":"ListItem","position":1,"name":"Startseite","item":"https:\/\/staging.q-jobs.at\/cms\/"},{"@type":"ListItem","position":2,"name":"Wer wir sind","item":"https:\/\/staging.q-jobs.at\/cms\/wer-wir-sind\/"},{"@type":"ListItem","position":3,"name":"Christian Wulz"}]},{"@type":"WebSite","@id":"https:\/\/staging.q-jobs.at\/cms\/#website","url":"https:\/\/staging.q-jobs.at\/cms\/","name":"Q-JOBS - Personalmanagement GmbH","description":"Ihr Partner f&uuml;r Karriereschritte und HR-Erfolg","publisher":{"@id":"https:\/\/staging.q-jobs.at\/cms\/#organization"},"potentialAction":[{"@type":"SearchAction","target":{"@type":"EntryPoint","urlTemplate":"https:\/\/staging.q-jobs.at\/cms\/?s={search_term_string}"},"query-input":{"@type":"PropertyValueSpecification","valueRequired":true,"valueName":"search_term_string"}}],"inLanguage":"de"},{"@type":"Organization","@id":"https:\/\/staging.q-jobs.at\/cms\/#organization","name":"Q-Jobs Personalmanagement GmbH","url":"https:\/\/staging.q-jobs.at\/cms\/","logo":{"@type":"ImageObject","inLanguage":"de","@id":"https:\/\/staging.q-jobs.at\/cms\/#\/schema\/logo\/image\/","url":"https:\/\/staging.q-jobs.at\/cms\/wp-content\/uploads\/2021\/07\/q-jobs-quer.svg","contentUrl":"https:\/\/staging.q-jobs.at\/cms\/wp-content\/uploads\/2021\/07\/q-jobs-quer.svg","width":283,"height":148,"caption":"Q-Jobs Personalmanagement GmbH"},"image":{"@id":"https:\/\/staging.q-jobs.at\/cms\/#\/schema\/logo\/image\/"},"sameAs":["https:\/\/www.facebook.com\/Q-Jobs-Personalmanagement-GmbH-100863122192982","https:\/\/www.instagram.com\/q.jobs.personalmanagement\/","https:\/\/at.linkedin.com\/company\/q-jobs-personalmanagement-gmbh"]}]}},"_links":{"self":[{"href":"https:\/\/staging.q-jobs.at\/cms\/wp-json\/wp\/v2\/pages\/14248","targetHints":{"allow":["GET"]}}],"collection":[{"href":"https:\/\/staging.q-jobs.at\/cms\/wp-json\/wp\/v2\/pages"}],"about":[{"href":"https:\/\/staging.q-jobs.at\/cms\/wp-json\/wp\/v2\/types\/page"}],"author":[{"embeddable":true,"href":"https:\/\/staging.q-jobs.at\/cms\/wp-json\/wp\/v2\/users\/1"}],"replies":[{"embeddable":true,"href":"https:\/\/staging.q-jobs.at\/cms\/wp-json\/wp\/v2\/comments?post=14248"}],"version-history":[{"count":16,"href":"https:\/\/staging.q-jobs.at\/cms\/wp-json\/wp\/v2\/pages\/14248\/revisions"}],"predecessor-version":[{"id":166607,"href":"https:\/\/staging.q-jobs.at\/cms\/wp-json\/wp\/v2\/pages\/14248\/revisions\/166607"}],"up":[{"embeddable":true,"href":"https:\/\/staging.q-jobs.at\/cms\/wp-json\/wp\/v2\/pages\/7"}],"wp:featuredmedia":[{"embeddable":true,"href":"https:\/\/staging.q-jobs.at\/cms\/wp-json\/wp\/v2\/media\/20990"}],"wp:attachment":[{"href":"https:\/\/staging.q-jobs.at\/cms\/wp-json\/wp\/v2\/media?parent=14248"}],"curies":[{"name":"wp","href":"https:\/\/api.w.org\/{rel}","templated":true}]}}